{"id":824,"date":"2015-07-29T15:16:23","date_gmt":"2015-07-29T12:16:23","guid":{"rendered":"https:\/\/mkdoor.ee\/?page_id=824"},"modified":"2016-01-29T10:34:33","modified_gmt":"2016-01-29T08:34:33","slug":"asiakirjat","status":"publish","type":"page","link":"https:\/\/mkdoor.ee\/fi\/asiakirjat\/","title":{"rendered":"Asiakirjat"},"content":{"rendered":"<h3>Huolto-ohjeet<\/h3>\n<a href=\"https:\/\/mkdoor.ee\/wp-content\/uploads\/2015\/07\/Autotallin-ovien-ja-osien-huolto.-FIN.pdf\" target=\"_blank\"><img loading=\"lazy\" decoding=\"async\" class=\"alignleft  wp-image-752\" alt=\"PDF vaike\" src=\"https:\/\/mkdoor.ee\/wp-content\/uploads\/2013\/10\/PDF-vaike.jpg\" width=\"30\" height=\"30\" \/><\/a><a href=\"https:\/\/mkdoor.ee\/wp-content\/uploads\/2015\/07\/Autotallin-ovien-ja-osien-huolto.-FIN.pdf\" target=\"_blank\">Autotallin ovien ja osien huolto-ohje<\/a><\/p>\n<p><a href=\"https:\/\/mkdoor.ee\/wp-content\/uploads\/2015\/07\/k\u00e4yitto-ja-huolo-ohje.doc\" target=\"_blank\"><span style=\"line-height: 1.5em;\"><img loading=\"lazy\" decoding=\"async\" class=\"alignleft  wp-image-752\" alt=\"PDF vaike\" src=\"https:\/\/mkdoor.ee\/wp-content\/uploads\/2013\/10\/PDF-vaike.jpg\" width=\"30\" height=\"30\" \/><\/span><\/a>\n<p><a href=\"https:\/\/mkdoor.ee\/wp-content\/uploads\/2015\/07\/k\u00e4yitto-ja-huolo-ohje.doc\" target=\"_blank\">k\u00e4yitto-ja huolto-ohje<\/a><\/p>\n<p><a href=\"https:\/\/mkdoor.ee\/wp-content\/uploads\/2015\/07\/Nosto-ovien-ja-automaation-k\u00e4ytt\u00f6ohje-pls-FIN.pdf\" target=\"_blank\"><img loading=\"lazy\" decoding=\"async\" class=\"alignleft  wp-image-752\" alt=\"PDF vaike\" src=\"https:\/\/mkdoor.ee\/wp-content\/uploads\/2013\/10\/PDF-vaike.jpg\" width=\"30\" height=\"30\" \/><\/a><a href=\"https:\/\/mkdoor.ee\/wp-content\/uploads\/2015\/07\/Nosto-ovien-ja-automaation-k\u00e4ytt\u00f6ohje-pls-FIN.pdf\" target=\"_blank\">Nosto-ovien ja automaation k\u00e4ytt\u00f6ohje<\/a><\/p>\n<h3><\/h3>\n","protected":false},"excerpt":{"rendered":"<p>Huolto-ohjeet Autotallin ovien ja osien huolto-ohje k\u00e4yitto-ja huolto-ohje Nosto-ovien ja automaation k\u00e4ytt\u00f6ohje<\/p>\n","protected":false},"author":1,"featured_media":0,"parent":0,"menu_order":0,"comment_status":"closed","ping_status":"open","template":"","meta":{"footnotes":"","_links_to":"","_links_to_target":""},"class_list":["post-824","page","type-page","status-publish","hentry"],"yoast_head":"<!-- This site is optimized with the Yoast SEO plugin v24.0 - https:\/\/yoast.com\/wordpress\/plugins\/seo\/ -->\n<title>Asiakirjat | MK Door<\/title>\n<meta name=\"robots\" content=\"index, follow, max-snippet:-1, max-image-preview:large, max-video-preview:-1\" \/>\n<link rel=\"canonical\" href=\"https:\/\/mkdoor.ee\/fi\/asiakirjat\/\" \/>\n<meta property=\"og:locale\" content=\"fi_FI\" \/>\n<meta property=\"og:type\" content=\"article\" \/>\n<meta property=\"og:title\" content=\"Asiakirjat | MK Door\" \/>\n<meta property=\"og:description\" content=\"Huolto-ohjeet Autotallin ovien ja osien huolto-ohje k\u00e4yitto-ja huolto-ohje Nosto-ovien ja automaation k\u00e4ytt\u00f6ohje\" \/>\n<meta property=\"og:url\" content=\"https:\/\/mkdoor.ee\/fi\/asiakirjat\/\" \/>\n<meta property=\"og:site_name\" content=\"MK Door\" \/>\n<meta property=\"article:modified_time\" content=\"2016-01-29T08:34:33+00:00\" \/>\n<meta property=\"og:image\" content=\"https:\/\/mkdoor.ee\/wp-content\/uploads\/2013\/10\/PDF-vaike.jpg\" \/>\n<script type=\"application\/ld+json\" class=\"yoast-schema-graph\">{\"@context\":\"https:\/\/schema.org\",\"@graph\":[{\"@type\":\"WebPage\",\"@id\":\"https:\/\/mkdoor.ee\/fi\/asiakirjat\/\",\"url\":\"https:\/\/mkdoor.ee\/fi\/asiakirjat\/\",\"name\":\"Asiakirjat | MK Door\",\"isPartOf\":{\"@id\":\"https:\/\/mkdoor.ee\/fi\/#website\"},\"primaryImageOfPage\":{\"@id\":\"https:\/\/mkdoor.ee\/fi\/asiakirjat\/#primaryimage\"},\"image\":{\"@id\":\"https:\/\/mkdoor.ee\/fi\/asiakirjat\/#primaryimage\"},\"thumbnailUrl\":\"https:\/\/mkdoor.ee\/wp-content\/uploads\/2013\/10\/PDF-vaike.jpg\",\"datePublished\":\"2015-07-29T12:16:23+00:00\",\"dateModified\":\"2016-01-29T08:34:33+00:00\",\"breadcrumb\":{\"@id\":\"https:\/\/mkdoor.ee\/fi\/asiakirjat\/#breadcrumb\"},\"inLanguage\":\"fi\",\"potentialAction\":[{\"@type\":\"ReadAction\",\"target\":[\"https:\/\/mkdoor.ee\/fi\/asiakirjat\/\"]}]},{\"@type\":\"ImageObject\",\"inLanguage\":\"fi\",\"@id\":\"https:\/\/mkdoor.ee\/fi\/asiakirjat\/#primaryimage\",\"url\":\"https:\/\/mkdoor.ee\/wp-content\/uploads\/2013\/10\/PDF-vaike.jpg\",\"contentUrl\":\"https:\/\/mkdoor.ee\/wp-content\/uploads\/2013\/10\/PDF-vaike.jpg\"},{\"@type\":\"BreadcrumbList\",\"@id\":\"https:\/\/mkdoor.ee\/fi\/asiakirjat\/#breadcrumb\",\"itemListElement\":[{\"@type\":\"ListItem\",\"position\":1,\"name\":\"Home\",\"item\":\"https:\/\/mkdoor.ee\/fi\/\"},{\"@type\":\"ListItem\",\"position\":2,\"name\":\"Asiakirjat\"}]},{\"@type\":\"WebSite\",\"@id\":\"https:\/\/mkdoor.ee\/fi\/#website\",\"url\":\"https:\/\/mkdoor.ee\/fi\/\",\"name\":\"MK Door\",\"description\":\"\",\"potentialAction\":[{\"@type\":\"SearchAction\",\"target\":{\"@type\":\"EntryPoint\",\"urlTemplate\":\"https:\/\/mkdoor.ee\/fi\/?s={search_term_string}\"},\"query-input\":{\"@type\":\"PropertyValueSpecification\",\"valueRequired\":true,\"valueName\":\"search_term_string\"}}],\"inLanguage\":\"fi\"}]}<\/script>\n<!-- \/ Yoast SEO plugin. -->","yoast_head_json":{"title":"Asiakirjat | MK Door","robots":{"index":"index","follow":"follow","max-snippet":"max-snippet:-1","max-image-preview":"max-image-preview:large","max-video-preview":"max-video-preview:-1"},"canonical":"https:\/\/mkdoor.ee\/fi\/asiakirjat\/","og_locale":"fi_FI","og_type":"article","og_title":"Asiakirjat | MK Door","og_description":"Huolto-ohjeet Autotallin ovien ja osien huolto-ohje k\u00e4yitto-ja huolto-ohje Nosto-ovien ja automaation k\u00e4ytt\u00f6ohje","og_url":"https:\/\/mkdoor.ee\/fi\/asiakirjat\/","og_site_name":"MK Door","article_modified_time":"2016-01-29T08:34:33+00:00","og_image":[{"url":"https:\/\/mkdoor.ee\/wp-content\/uploads\/2013\/10\/PDF-vaike.jpg","type":"","width":"","height":""}],"schema":{"@context":"https:\/\/schema.org","@graph":[{"@type":"WebPage","@id":"https:\/\/mkdoor.ee\/fi\/asiakirjat\/","url":"https:\/\/mkdoor.ee\/fi\/asiakirjat\/","name":"Asiakirjat | MK Door","isPartOf":{"@id":"https:\/\/mkdoor.ee\/fi\/#website"},"primaryImageOfPage":{"@id":"https:\/\/mkdoor.ee\/fi\/asiakirjat\/#primaryimage"},"image":{"@id":"https:\/\/mkdoor.ee\/fi\/asiakirjat\/#primaryimage"},"thumbnailUrl":"https:\/\/mkdoor.ee\/wp-content\/uploads\/2013\/10\/PDF-vaike.jpg","datePublished":"2015-07-29T12:16:23+00:00","dateModified":"2016-01-29T08:34:33+00:00","breadcrumb":{"@id":"https:\/\/mkdoor.ee\/fi\/asiakirjat\/#breadcrumb"},"inLanguage":"fi","potentialAction":[{"@type":"ReadAction","target":["https:\/\/mkdoor.ee\/fi\/asiakirjat\/"]}]},{"@type":"ImageObject","inLanguage":"fi","@id":"https:\/\/mkdoor.ee\/fi\/asiakirjat\/#primaryimage","url":"https:\/\/mkdoor.ee\/wp-content\/uploads\/2013\/10\/PDF-vaike.jpg","contentUrl":"https:\/\/mkdoor.ee\/wp-content\/uploads\/2013\/10\/PDF-vaike.jpg"},{"@type":"BreadcrumbList","@id":"https:\/\/mkdoor.ee\/fi\/asiakirjat\/#breadcrumb","itemListElement":[{"@type":"ListItem","position":1,"name":"Home","item":"https:\/\/mkdoor.ee\/fi\/"},{"@type":"ListItem","position":2,"name":"Asiakirjat"}]},{"@type":"WebSite","@id":"https:\/\/mkdoor.ee\/fi\/#website","url":"https:\/\/mkdoor.ee\/fi\/","name":"MK Door","description":"","potentialAction":[{"@type":"SearchAction","target":{"@type":"EntryPoint","urlTemplate":"https:\/\/mkdoor.ee\/fi\/?s={search_term_string}"},"query-input":{"@type":"PropertyValueSpecification","valueRequired":true,"valueName":"search_term_string"}}],"inLanguage":"fi"}]}},"_links":{"self":[{"href":"https:\/\/mkdoor.ee\/fi\/wp-json\/wp\/v2\/pages\/824"}],"collection":[{"href":"https:\/\/mkdoor.ee\/fi\/wp-json\/wp\/v2\/pages"}],"about":[{"href":"https:\/\/mkdoor.ee\/fi\/wp-json\/wp\/v2\/types\/page"}],"author":[{"embeddable":true,"href":"https:\/\/mkdoor.ee\/fi\/wp-json\/wp\/v2\/users\/1"}],"replies":[{"embeddable":true,"href":"https:\/\/mkdoor.ee\/fi\/wp-json\/wp\/v2\/comments?post=824"}],"version-history":[{"count":5,"href":"https:\/\/mkdoor.ee\/fi\/wp-json\/wp\/v2\/pages\/824\/revisions"}],"predecessor-version":[{"id":1001,"href":"https:\/\/mkdoor.ee\/fi\/wp-json\/wp\/v2\/pages\/824\/revisions\/1001"}],"wp:attachment":[{"href":"https:\/\/mkdoor.ee\/fi\/wp-json\/wp\/v2\/media?parent=824"}],"curies":[{"name":"wp","href":"https:\/\/api.w.org\/{rel}","templated":true}]}}