{"id":721,"date":"2015-07-20T11:38:36","date_gmt":"2015-07-20T08:38:36","guid":{"rendered":"https:\/\/mkdoor.ee\/?page_id=721"},"modified":"2016-03-24T09:27:21","modified_gmt":"2016-03-24T07:27:21","slug":"m-k-international-ou","status":"publish","type":"page","link":"https:\/\/mkdoor.ee\/fi\/meista\/m-k-international-ou\/","title":{"rendered":"Myyntip\u00e4\u00e4likk\u00f6"},"content":{"rendered":"<div><strong style=\"line-height: 1.5em;\">Kaupo Nellis<\/strong><\/div>\n<div>Myyntip\u00e4\u00e4llikk\u00f6<\/div>\n<div><\/div>\n<p><span style=\"line-height: 1.5em;\">M.K. International O\u00dc on virolainen yritys, jonka p\u00e4\u00e4toimialana on seuraavien tuotteiden ja palveluiden myynti\/asennus\/suunnittelu\/huolto:<\/span><\/p>\n<p>Sis\u00e4ovet; autotallin nosto-ovet; teollisuusovet; turvakalterit; turvarullakaihtimet; autotallin- ja<br \/>\nteollisuusovien sek\u00e4 porttien automatiikka, lastaussillat ja lastaustiivisteet, ter\u00e4sprofiilista<br \/>\nvalmistetut lasijulkisivut, parvekekaiteet, aidat ja portit.<\/p>\n<div><\/div>\n<p>M.K. International O\u00dc on toiminut vuodesta 2014 l\u00e4htien aktiivisesti my\u00f6s Suomen<br \/>\nmarkkinoilla, joissa meid\u00e4n yhteisty\u00f6kumppaneina ovat rakennusalan yritykset ja<br \/>\narkkitehtitoimistot.<\/p>\n<p>M.K. International O\u00dc:n Suomalaisia yhteisty\u00f6kumppaneita ovat mm. Lujatalo<br \/>\nOy, Peab Oy, Lemmink\u00e4inen Oy, Hartela Oy ja eri kunnat.<\/p>\n<div><\/div>\n<p>Meid\u00e4n toimintavarmoja ja laadukkaita tuotteita ja palveluita on k\u00e4ytetty mm. koulujen,<br \/>\nmaatalouslaitosten, tuotanto- ja teollisuuskohteiden, s\u00e4hk\u00f6voimaloiden ja<br \/>\nlogistiikkakeskusten rakennusurakoissa.<\/p>\n<div><\/div>\n<div>Osoite: Randvere tee 9, 74001 Haabneeme, Viimsi vald<\/div>\n<div><\/div>\n<div><span style=\"line-height: 1.5em;\">Puhelin:\u00a0(+358) 40 14 74 792<\/span><\/div>\n<div><\/div>\n<div><span style=\"line-height: 1.5em;\">S\u00e4hk\u00f6posti:\u00a0<\/span><a style=\"line-height: 1.5em;\" href=\"mailto:kaupo@mkdoor.ee\" target=\"_blank\">kaupo@mkdoor.ee<\/a><\/div>\n","protected":false},"excerpt":{"rendered":"<p>Kaupo Nellis Myyntip\u00e4\u00e4llikk\u00f6 M.K. International O\u00dc on virolainen yritys, jonka p\u00e4\u00e4toimialana on seuraavien tuotteiden ja palveluiden myynti\/asennus\/suunnittelu\/huolto: Sis\u00e4ovet; autotallin nosto-ovet; teollisuusovet; turvakalterit; turvarullakaihtimet; autotallin- ja teollisuusovien sek\u00e4 porttien automatiikka, lastaussillat ja lastaustiivisteet, ter\u00e4sprofiilista valmistetut lasijulkisivut, parvekekaiteet, aidat ja portit. M.K. International O\u00dc on toiminut vuodesta 2014 l\u00e4htien aktiivisesti my\u00f6s Suomen markkinoilla, joissa meid\u00e4n yhteisty\u00f6kumppaneina ovat [&hellip;]<\/p>\n","protected":false},"author":1,"featured_media":0,"parent":250,"menu_order":0,"comment_status":"closed","ping_status":"open","template":"","meta":{"footnotes":"","_links_to":"","_links_to_target":""},"class_list":["post-721","page","type-page","status-publish","hentry"],"yoast_head":"<!-- This site is optimized with the Yoast SEO plugin v24.0 - https:\/\/yoast.com\/wordpress\/plugins\/seo\/ -->\n<title>Myyntip\u00e4\u00e4likk\u00f6 | MK Door<\/title>\n<meta name=\"robots\" content=\"index, follow, max-snippet:-1, max-image-preview:large, max-video-preview:-1\" \/>\n<link rel=\"canonical\" href=\"https:\/\/mkdoor.ee\/fi\/meista\/m-k-international-ou\/\" \/>\n<meta property=\"og:locale\" content=\"fi_FI\" \/>\n<meta property=\"og:type\" content=\"article\" \/>\n<meta property=\"og:title\" content=\"Myyntip\u00e4\u00e4likk\u00f6 | MK Door\" \/>\n<meta property=\"og:description\" content=\"Kaupo Nellis Myyntip\u00e4\u00e4llikk\u00f6 M.K. International O\u00dc on virolainen yritys, jonka p\u00e4\u00e4toimialana on seuraavien tuotteiden ja palveluiden myynti\/asennus\/suunnittelu\/huolto: Sis\u00e4ovet; autotallin nosto-ovet; teollisuusovet; turvakalterit; turvarullakaihtimet; autotallin- ja teollisuusovien sek\u00e4 porttien automatiikka, lastaussillat ja lastaustiivisteet, ter\u00e4sprofiilista valmistetut lasijulkisivut, parvekekaiteet, aidat ja portit. M.K. International O\u00dc on toiminut vuodesta 2014 l\u00e4htien aktiivisesti my\u00f6s Suomen markkinoilla, joissa meid\u00e4n yhteisty\u00f6kumppaneina ovat [&hellip;]\" \/>\n<meta property=\"og:url\" content=\"https:\/\/mkdoor.ee\/fi\/meista\/m-k-international-ou\/\" \/>\n<meta property=\"og:site_name\" content=\"MK Door\" \/>\n<meta property=\"article:modified_time\" content=\"2016-03-24T07:27:21+00:00\" \/>\n<meta name=\"twitter:label1\" content=\"Arvioitu lukuaika\" \/>\n\t<meta name=\"twitter:data1\" content=\"1 minuutti\" \/>\n<script type=\"application\/ld+json\" class=\"yoast-schema-graph\">{\"@context\":\"https:\/\/schema.org\",\"@graph\":[{\"@type\":\"WebPage\",\"@id\":\"https:\/\/mkdoor.ee\/fi\/meista\/m-k-international-ou\/\",\"url\":\"https:\/\/mkdoor.ee\/fi\/meista\/m-k-international-ou\/\",\"name\":\"Myyntip\u00e4\u00e4likk\u00f6 | MK Door\",\"isPartOf\":{\"@id\":\"https:\/\/www.mkdoor.ee\/fi\/#website\"},\"datePublished\":\"2015-07-20T08:38:36+00:00\",\"dateModified\":\"2016-03-24T07:27:21+00:00\",\"breadcrumb\":{\"@id\":\"https:\/\/mkdoor.ee\/fi\/meista\/m-k-international-ou\/#breadcrumb\"},\"inLanguage\":\"fi\",\"potentialAction\":[{\"@type\":\"ReadAction\",\"target\":[\"https:\/\/mkdoor.ee\/fi\/meista\/m-k-international-ou\/\"]}]},{\"@type\":\"BreadcrumbList\",\"@id\":\"https:\/\/mkdoor.ee\/fi\/meista\/m-k-international-ou\/#breadcrumb\",\"itemListElement\":[{\"@type\":\"ListItem\",\"position\":1,\"name\":\"Home\",\"item\":\"https:\/\/www.mkdoor.ee\/fi\/\"},{\"@type\":\"ListItem\",\"position\":2,\"name\":\"Meist\u00e4\",\"item\":\"https:\/\/mkdoor.ee\/fi\/meista\/\"},{\"@type\":\"ListItem\",\"position\":3,\"name\":\"Myyntip\u00e4\u00e4likk\u00f6\"}]},{\"@type\":\"WebSite\",\"@id\":\"https:\/\/www.mkdoor.ee\/fi\/#website\",\"url\":\"https:\/\/www.mkdoor.ee\/fi\/\",\"name\":\"MK Door\",\"description\":\"\",\"potentialAction\":[{\"@type\":\"SearchAction\",\"target\":{\"@type\":\"EntryPoint\",\"urlTemplate\":\"https:\/\/www.mkdoor.ee\/fi\/?s={search_term_string}\"},\"query-input\":{\"@type\":\"PropertyValueSpecification\",\"valueRequired\":true,\"valueName\":\"search_term_string\"}}],\"inLanguage\":\"fi\"}]}<\/script>\n<!-- \/ Yoast SEO plugin. -->","yoast_head_json":{"title":"Myyntip\u00e4\u00e4likk\u00f6 | MK Door","robots":{"index":"index","follow":"follow","max-snippet":"max-snippet:-1","max-image-preview":"max-image-preview:large","max-video-preview":"max-video-preview:-1"},"canonical":"https:\/\/mkdoor.ee\/fi\/meista\/m-k-international-ou\/","og_locale":"fi_FI","og_type":"article","og_title":"Myyntip\u00e4\u00e4likk\u00f6 | MK Door","og_description":"Kaupo Nellis Myyntip\u00e4\u00e4llikk\u00f6 M.K. International O\u00dc on virolainen yritys, jonka p\u00e4\u00e4toimialana on seuraavien tuotteiden ja palveluiden myynti\/asennus\/suunnittelu\/huolto: Sis\u00e4ovet; autotallin nosto-ovet; teollisuusovet; turvakalterit; turvarullakaihtimet; autotallin- ja teollisuusovien sek\u00e4 porttien automatiikka, lastaussillat ja lastaustiivisteet, ter\u00e4sprofiilista valmistetut lasijulkisivut, parvekekaiteet, aidat ja portit. M.K. International O\u00dc on toiminut vuodesta 2014 l\u00e4htien aktiivisesti my\u00f6s Suomen markkinoilla, joissa meid\u00e4n yhteisty\u00f6kumppaneina ovat [&hellip;]","og_url":"https:\/\/mkdoor.ee\/fi\/meista\/m-k-international-ou\/","og_site_name":"MK Door","article_modified_time":"2016-03-24T07:27:21+00:00","twitter_misc":{"Arvioitu lukuaika":"1 minuutti"},"schema":{"@context":"https:\/\/schema.org","@graph":[{"@type":"WebPage","@id":"https:\/\/mkdoor.ee\/fi\/meista\/m-k-international-ou\/","url":"https:\/\/mkdoor.ee\/fi\/meista\/m-k-international-ou\/","name":"Myyntip\u00e4\u00e4likk\u00f6 | MK Door","isPartOf":{"@id":"https:\/\/www.mkdoor.ee\/fi\/#website"},"datePublished":"2015-07-20T08:38:36+00:00","dateModified":"2016-03-24T07:27:21+00:00","breadcrumb":{"@id":"https:\/\/mkdoor.ee\/fi\/meista\/m-k-international-ou\/#breadcrumb"},"inLanguage":"fi","potentialAction":[{"@type":"ReadAction","target":["https:\/\/mkdoor.ee\/fi\/meista\/m-k-international-ou\/"]}]},{"@type":"BreadcrumbList","@id":"https:\/\/mkdoor.ee\/fi\/meista\/m-k-international-ou\/#breadcrumb","itemListElement":[{"@type":"ListItem","position":1,"name":"Home","item":"https:\/\/www.mkdoor.ee\/fi\/"},{"@type":"ListItem","position":2,"name":"Meist\u00e4","item":"https:\/\/mkdoor.ee\/fi\/meista\/"},{"@type":"ListItem","position":3,"name":"Myyntip\u00e4\u00e4likk\u00f6"}]},{"@type":"WebSite","@id":"https:\/\/www.mkdoor.ee\/fi\/#website","url":"https:\/\/www.mkdoor.ee\/fi\/","name":"MK Door","description":"","potentialAction":[{"@type":"SearchAction","target":{"@type":"EntryPoint","urlTemplate":"https:\/\/www.mkdoor.ee\/fi\/?s={search_term_string}"},"query-input":{"@type":"PropertyValueSpecification","valueRequired":true,"valueName":"search_term_string"}}],"inLanguage":"fi"}]}},"_links":{"self":[{"href":"https:\/\/mkdoor.ee\/fi\/wp-json\/wp\/v2\/pages\/721"}],"collection":[{"href":"https:\/\/mkdoor.ee\/fi\/wp-json\/wp\/v2\/pages"}],"about":[{"href":"https:\/\/mkdoor.ee\/fi\/wp-json\/wp\/v2\/types\/page"}],"author":[{"embeddable":true,"href":"https:\/\/mkdoor.ee\/fi\/wp-json\/wp\/v2\/users\/1"}],"replies":[{"embeddable":true,"href":"https:\/\/mkdoor.ee\/fi\/wp-json\/wp\/v2\/comments?post=721"}],"version-history":[{"count":5,"href":"https:\/\/mkdoor.ee\/fi\/wp-json\/wp\/v2\/pages\/721\/revisions"}],"predecessor-version":[{"id":1077,"href":"https:\/\/mkdoor.ee\/fi\/wp-json\/wp\/v2\/pages\/721\/revisions\/1077"}],"up":[{"embeddable":true,"href":"https:\/\/mkdoor.ee\/fi\/wp-json\/wp\/v2\/pages\/250"}],"wp:attachment":[{"href":"https:\/\/mkdoor.ee\/fi\/wp-json\/wp\/v2\/media?parent=721"}],"curies":[{"name":"wp","href":"https:\/\/api.w.org\/{rel}","templated":true}]}}