{"id":261,"date":"2013-11-17T11:56:54","date_gmt":"2013-11-17T09:56:54","guid":{"rendered":"https:\/\/mkdoor.ee\/?page_id=261"},"modified":"2016-03-24T09:30:24","modified_gmt":"2016-03-24T07:30:24","slug":"yrityksesta","status":"publish","type":"page","link":"https:\/\/mkdoor.ee\/fi\/meista\/yrityksesta\/","title":{"rendered":"Yrityksest\u00e4"},"content":{"rendered":"<p>M.K. International on tarjonnut Viron markkinoilla laadukkaita sis\u00e4ovia, autotallin ovia ja teollisuusovia jo 12 vuoden ajan. M.K. International O\u00dc on toiminut vuodesta 2014 l\u00e4htien aktiivisesti my\u00f6s Suomen<br \/>\nmarkkinoilla.\u00a0Pitk\u00e4aikaiset kokemukset, joustavuus ja erityisratkaisujen tarjoaminen ovat paras asiakastyytyv\u00e4isyyden tae kautta vuosien.<\/p>\n<p><b>Meid\u00e4n tuotevalikoimaan kuuluvat:<\/b><\/p>\n<ul>\n<li>Nostettavat autotallinovet<\/li>\n<li>teollisuusovet<\/li>\n<li>turvakalterit ja \u2013rullakaihtimet<\/li>\n<li>palo-ovet<\/li>\n<li>kokopuuovet<\/li>\n<li>aidat ja aidan portit<\/li>\n<li>lastauslaitteet<\/li>\n<li>auringonsuojaj\u00e4rjestelm\u00e4t<\/li>\n<li>kulkuj\u00e4rjestelm\u00e4t<\/li>\n<li>teollisuuspakkaukset<\/li>\n<li>hy\u00f6nteisverkot<\/li>\n<li>autotallin-, teollisuusovien ja porttien automatiikka<\/li>\n<\/ul>\n<h2>Yhteisty\u00f6kumppanit<\/h2>\n<ul>\n<li>SIA Ripo Internatioal LTD<\/li>\n<li>Riga Door Systems SIA<\/li>\n<li>Doordec O\u00dc<\/li>\n<li>Teckentrup GmbH &amp; Co. KG<\/li>\n<li>Inkema Sistemas S.L<\/li>\n<li>EF Polska Sp. z o. o.<\/li>\n<li>Marantec<\/li>\n<li>Asematic O\u00dc<\/li>\n<li>Kostamena O\u00dc<\/li>\n<li>Sungate O\u00dc<\/li>\n<li>Ryterna Grupp<\/li>\n<\/ul>\n<h2>Laatu<\/h2>\n<p>Meid\u00e4n tiimi on l\u00e4p\u00e4issyt valmistajien j\u00e4rjest\u00e4m\u00e4n koulutuksen, joten pystymme tarjoamaan parhaita ratkaisuja ja laadukkaan lopputuloksen. Meid\u00e4n toimintamme kuvaavat parhaiten <b>laatu<\/b> ja <b>joustavuus<\/b> &#8211; kaikki ovet valmistetaan tilaajan antamien tietojen pohjalta ja pystymme tarjoamaan ratkaisun my\u00f6s hyvin haasteellisin k\u00e4ytt\u00f6tilanteisiin.<\/p>\n<h3>M.K International tuotteet edustavat eurooppalaista huippulaatua. Ota yhteytt\u00e4 jo t\u00e4n\u00e4\u00e4n ja me tarjoamme parhaan ratkaisun!<\/h3>\n<p>Soita meille (+358) 40 14 74 792, l\u00e4het\u00e4 viesti osoitteeseen <strong>kaupo@mkdoor.ee<\/strong> tai hintapyynt\u00f6:<\/p>\n","protected":false},"excerpt":{"rendered":"<p>M.K. International on tarjonnut Viron markkinoilla laadukkaita sis\u00e4ovia, autotallin ovia ja teollisuusovia jo 12 vuoden ajan. M.K. International O\u00dc on toiminut vuodesta 2014 l\u00e4htien aktiivisesti my\u00f6s Suomen markkinoilla.\u00a0Pitk\u00e4aikaiset kokemukset, joustavuus ja erityisratkaisujen tarjoaminen ovat paras asiakastyytyv\u00e4isyyden tae kautta vuosien. Meid\u00e4n tuotevalikoimaan kuuluvat: Nostettavat autotallinovet teollisuusovet turvakalterit ja \u2013rullakaihtimet palo-ovet kokopuuovet aidat ja aidan portit lastauslaitteet [&hellip;]<\/p>\n","protected":false},"author":1,"featured_media":0,"parent":250,"menu_order":0,"comment_status":"closed","ping_status":"open","template":"","meta":{"footnotes":"","_links_to":"","_links_to_target":""},"class_list":["post-261","page","type-page","status-publish","hentry"],"yoast_head":"<!-- This site is optimized with the Yoast SEO plugin v24.0 - https:\/\/yoast.com\/wordpress\/plugins\/seo\/ -->\n<title>Yrityksest\u00e4 | MK Door<\/title>\n<meta name=\"robots\" content=\"index, follow, max-snippet:-1, max-image-preview:large, max-video-preview:-1\" \/>\n<link rel=\"canonical\" href=\"https:\/\/mkdoor.ee\/fi\/meista\/yrityksesta\/\" \/>\n<meta property=\"og:locale\" content=\"fi_FI\" \/>\n<meta property=\"og:type\" content=\"article\" \/>\n<meta property=\"og:title\" content=\"Yrityksest\u00e4 | MK Door\" \/>\n<meta property=\"og:description\" content=\"M.K. International on tarjonnut Viron markkinoilla laadukkaita sis\u00e4ovia, autotallin ovia ja teollisuusovia jo 12 vuoden ajan. M.K. International O\u00dc on toiminut vuodesta 2014 l\u00e4htien aktiivisesti my\u00f6s Suomen markkinoilla.\u00a0Pitk\u00e4aikaiset kokemukset, joustavuus ja erityisratkaisujen tarjoaminen ovat paras asiakastyytyv\u00e4isyyden tae kautta vuosien. Meid\u00e4n tuotevalikoimaan kuuluvat: Nostettavat autotallinovet teollisuusovet turvakalterit ja \u2013rullakaihtimet palo-ovet kokopuuovet aidat ja aidan portit lastauslaitteet [&hellip;]\" \/>\n<meta property=\"og:url\" content=\"https:\/\/mkdoor.ee\/fi\/meista\/yrityksesta\/\" \/>\n<meta property=\"og:site_name\" content=\"MK Door\" \/>\n<meta property=\"article:modified_time\" content=\"2016-03-24T07:30:24+00:00\" \/>\n<meta name=\"twitter:label1\" content=\"Arvioitu lukuaika\" \/>\n\t<meta name=\"twitter:data1\" content=\"1 minuutti\" \/>\n<script type=\"application\/ld+json\" class=\"yoast-schema-graph\">{\"@context\":\"https:\/\/schema.org\",\"@graph\":[{\"@type\":\"WebPage\",\"@id\":\"https:\/\/mkdoor.ee\/fi\/meista\/yrityksesta\/\",\"url\":\"https:\/\/mkdoor.ee\/fi\/meista\/yrityksesta\/\",\"name\":\"Yrityksest\u00e4 | MK Door\",\"isPartOf\":{\"@id\":\"https:\/\/www.mkdoor.ee\/fi\/#website\"},\"datePublished\":\"2013-11-17T09:56:54+00:00\",\"dateModified\":\"2016-03-24T07:30:24+00:00\",\"breadcrumb\":{\"@id\":\"https:\/\/mkdoor.ee\/fi\/meista\/yrityksesta\/#breadcrumb\"},\"inLanguage\":\"fi\",\"potentialAction\":[{\"@type\":\"ReadAction\",\"target\":[\"https:\/\/mkdoor.ee\/fi\/meista\/yrityksesta\/\"]}]},{\"@type\":\"BreadcrumbList\",\"@id\":\"https:\/\/mkdoor.ee\/fi\/meista\/yrityksesta\/#breadcrumb\",\"itemListElement\":[{\"@type\":\"ListItem\",\"position\":1,\"name\":\"Home\",\"item\":\"https:\/\/www.mkdoor.ee\/fi\/\"},{\"@type\":\"ListItem\",\"position\":2,\"name\":\"Meist\u00e4\",\"item\":\"https:\/\/mkdoor.ee\/fi\/meista\/\"},{\"@type\":\"ListItem\",\"position\":3,\"name\":\"Yrityksest\u00e4\"}]},{\"@type\":\"WebSite\",\"@id\":\"https:\/\/www.mkdoor.ee\/fi\/#website\",\"url\":\"https:\/\/www.mkdoor.ee\/fi\/\",\"name\":\"MK Door\",\"description\":\"\",\"potentialAction\":[{\"@type\":\"SearchAction\",\"target\":{\"@type\":\"EntryPoint\",\"urlTemplate\":\"https:\/\/www.mkdoor.ee\/fi\/?s={search_term_string}\"},\"query-input\":{\"@type\":\"PropertyValueSpecification\",\"valueRequired\":true,\"valueName\":\"search_term_string\"}}],\"inLanguage\":\"fi\"}]}<\/script>\n<!-- \/ Yoast SEO plugin. -->","yoast_head_json":{"title":"Yrityksest\u00e4 | MK Door","robots":{"index":"index","follow":"follow","max-snippet":"max-snippet:-1","max-image-preview":"max-image-preview:large","max-video-preview":"max-video-preview:-1"},"canonical":"https:\/\/mkdoor.ee\/fi\/meista\/yrityksesta\/","og_locale":"fi_FI","og_type":"article","og_title":"Yrityksest\u00e4 | MK Door","og_description":"M.K. International on tarjonnut Viron markkinoilla laadukkaita sis\u00e4ovia, autotallin ovia ja teollisuusovia jo 12 vuoden ajan. M.K. International O\u00dc on toiminut vuodesta 2014 l\u00e4htien aktiivisesti my\u00f6s Suomen markkinoilla.\u00a0Pitk\u00e4aikaiset kokemukset, joustavuus ja erityisratkaisujen tarjoaminen ovat paras asiakastyytyv\u00e4isyyden tae kautta vuosien. Meid\u00e4n tuotevalikoimaan kuuluvat: Nostettavat autotallinovet teollisuusovet turvakalterit ja \u2013rullakaihtimet palo-ovet kokopuuovet aidat ja aidan portit lastauslaitteet [&hellip;]","og_url":"https:\/\/mkdoor.ee\/fi\/meista\/yrityksesta\/","og_site_name":"MK Door","article_modified_time":"2016-03-24T07:30:24+00:00","twitter_misc":{"Arvioitu lukuaika":"1 minuutti"},"schema":{"@context":"https:\/\/schema.org","@graph":[{"@type":"WebPage","@id":"https:\/\/mkdoor.ee\/fi\/meista\/yrityksesta\/","url":"https:\/\/mkdoor.ee\/fi\/meista\/yrityksesta\/","name":"Yrityksest\u00e4 | MK Door","isPartOf":{"@id":"https:\/\/www.mkdoor.ee\/fi\/#website"},"datePublished":"2013-11-17T09:56:54+00:00","dateModified":"2016-03-24T07:30:24+00:00","breadcrumb":{"@id":"https:\/\/mkdoor.ee\/fi\/meista\/yrityksesta\/#breadcrumb"},"inLanguage":"fi","potentialAction":[{"@type":"ReadAction","target":["https:\/\/mkdoor.ee\/fi\/meista\/yrityksesta\/"]}]},{"@type":"BreadcrumbList","@id":"https:\/\/mkdoor.ee\/fi\/meista\/yrityksesta\/#breadcrumb","itemListElement":[{"@type":"ListItem","position":1,"name":"Home","item":"https:\/\/www.mkdoor.ee\/fi\/"},{"@type":"ListItem","position":2,"name":"Meist\u00e4","item":"https:\/\/mkdoor.ee\/fi\/meista\/"},{"@type":"ListItem","position":3,"name":"Yrityksest\u00e4"}]},{"@type":"WebSite","@id":"https:\/\/www.mkdoor.ee\/fi\/#website","url":"https:\/\/www.mkdoor.ee\/fi\/","name":"MK Door","description":"","potentialAction":[{"@type":"SearchAction","target":{"@type":"EntryPoint","urlTemplate":"https:\/\/www.mkdoor.ee\/fi\/?s={search_term_string}"},"query-input":{"@type":"PropertyValueSpecification","valueRequired":true,"valueName":"search_term_string"}}],"inLanguage":"fi"}]}},"_links":{"self":[{"href":"https:\/\/mkdoor.ee\/fi\/wp-json\/wp\/v2\/pages\/261"}],"collection":[{"href":"https:\/\/mkdoor.ee\/fi\/wp-json\/wp\/v2\/pages"}],"about":[{"href":"https:\/\/mkdoor.ee\/fi\/wp-json\/wp\/v2\/types\/page"}],"author":[{"embeddable":true,"href":"https:\/\/mkdoor.ee\/fi\/wp-json\/wp\/v2\/users\/1"}],"replies":[{"embeddable":true,"href":"https:\/\/mkdoor.ee\/fi\/wp-json\/wp\/v2\/comments?post=261"}],"version-history":[{"count":5,"href":"https:\/\/mkdoor.ee\/fi\/wp-json\/wp\/v2\/pages\/261\/revisions"}],"predecessor-version":[{"id":1079,"href":"https:\/\/mkdoor.ee\/fi\/wp-json\/wp\/v2\/pages\/261\/revisions\/1079"}],"up":[{"embeddable":true,"href":"https:\/\/mkdoor.ee\/fi\/wp-json\/wp\/v2\/pages\/250"}],"wp:attachment":[{"href":"https:\/\/mkdoor.ee\/fi\/wp-json\/wp\/v2\/media?parent=261"}],"curies":[{"name":"wp","href":"https:\/\/api.w.org\/{rel}","templated":true}]}}