{"id":252,"date":"2013-11-17T11:48:12","date_gmt":"2013-11-17T09:48:12","guid":{"rendered":"https:\/\/mkdoor.ee\/?page_id=252"},"modified":"2022-11-08T19:57:18","modified_gmt":"2022-11-08T17:57:18","slug":"yhteystiedot","status":"publish","type":"page","link":"https:\/\/mkdoor.ee\/fi\/yhteystiedot\/","title":{"rendered":"Yhteystiedot"},"content":{"rendered":"<p><strong><span style=\"font-size: 1.5em; line-height: 1.5em;\">Kysy hintatarjous!<\/span><\/strong><\/p>\n\n<div class=\"wpcf7 no-js\" id=\"wpcf7-f635-o1\" lang=\"fi\" dir=\"ltr\">\n<div class=\"screen-reader-response\"><p role=\"status\" aria-live=\"polite\" aria-atomic=\"true\"><\/p> <ul><\/ul><\/div>\n<form action=\"\/fi\/wp-json\/wp\/v2\/pages\/252#wpcf7-f635-o1\" method=\"post\" class=\"wpcf7-form init\" aria-label=\"Yhteydenottolomake\" novalidate=\"novalidate\" data-status=\"init\">\n<div style=\"display: none;\">\n<input type=\"hidden\" name=\"_wpcf7\" value=\"635\" \/>\n<input type=\"hidden\" name=\"_wpcf7_version\" value=\"5.9.8\" \/>\n<input type=\"hidden\" name=\"_wpcf7_locale\" value=\"fi\" \/>\n<input type=\"hidden\" name=\"_wpcf7_unit_tag\" value=\"wpcf7-f635-o1\" \/>\n<input type=\"hidden\" name=\"_wpcf7_container_post\" value=\"0\" \/>\n<input type=\"hidden\" name=\"_wpcf7_posted_data_hash\" value=\"\" \/>\n<input type=\"hidden\" name=\"_wpcf7_recaptcha_response\" value=\"\" \/>\n<\/div>\n<label>Yhteyshenkil\u00f6 *<\/label>\n<span class=\"wpcf7-form-control-wrap\" data-name=\"your-name\"><input size=\"40\" maxlength=\"400\" class=\"wpcf7-form-control wpcf7-text wpcf7-validates-as-required\" aria-required=\"true\" aria-invalid=\"false\" value=\"\" type=\"text\" name=\"your-name\" \/><\/span>\n\n<label>S\u00e4hk\u00f6posti *<\/label>\n<span class=\"wpcf7-form-control-wrap\" data-name=\"your-email\"><input size=\"40\" maxlength=\"400\" class=\"wpcf7-form-control wpcf7-email wpcf7-validates-as-required wpcf7-text wpcf7-validates-as-email\" aria-required=\"true\" aria-invalid=\"false\" value=\"\" type=\"email\" name=\"your-email\" \/><\/span>\n\n<label>Puhelin *<\/label>\n<span class=\"wpcf7-form-control-wrap\" data-name=\"your-phone\"><input size=\"40\" maxlength=\"400\" class=\"wpcf7-form-control wpcf7-text wpcf7-validates-as-required\" aria-required=\"true\" aria-invalid=\"false\" value=\"\" type=\"text\" name=\"your-phone\" \/><\/span>\n\n<label>Osoite<\/label>\n<span class=\"wpcf7-form-control-wrap\" data-name=\"your-address\"><input size=\"40\" maxlength=\"400\" class=\"wpcf7-form-control wpcf7-text\" aria-invalid=\"false\" value=\"\" type=\"text\" name=\"your-address\" \/><\/span>\n\n<label>Tiedot tarjouspyynn\u00f6n kohteesta<\/label>\n<span class=\"wpcf7-form-control-wrap\" data-name=\"your-message\"><textarea cols=\"40\" rows=\"10\" maxlength=\"2000\" class=\"wpcf7-form-control wpcf7-textarea\" aria-invalid=\"false\" name=\"your-message\"><\/textarea><\/span>\n\n\n\n<input class=\"wpcf7-form-control wpcf7-hidden\" value=\"\" type=\"hidden\" name=\"post_title\" \/>\n<input class=\"wpcf7-form-control wpcf7-hidden\" value=\"\" type=\"hidden\" name=\"post_url\" \/>\n\n<input class=\"wpcf7-form-control wpcf7-submit has-spinner\" type=\"submit\" value=\"L\u00e4het\u00e4 hintapyynt\u00f6\" \/><div class=\"wpcf7-response-output\" aria-hidden=\"true\"><\/div>\n<\/form>\n<\/div>\n\n<p><b style=\"line-height: 1.5em;\">M.K.International\u00a0<\/b><\/p>\n<p>Osoite: Kaluri Tee 3, 74001, Haabneeme, Viimsi Vald<\/p>\n<p>Puhelin: (+358) 40 14 74 792<\/p>\n<p>S\u00e4hk\u00f6posti: <a href=\"mailto:kaupo@mkdoor.ee\">kaupo@mkdoor.ee<\/a> <\/p>\n","protected":false},"excerpt":{"rendered":"<p>Kysy hintatarjous! M.K.International\u00a0 Osoite: Kaluri Tee 3, 74001, Haabneeme, Viimsi Vald Puhelin: (+358) 40 14 74 792 S\u00e4hk\u00f6posti: kaupo@mkdoor.ee<\/p>\n","protected":false},"author":1,"featured_media":0,"parent":0,"menu_order":0,"comment_status":"closed","ping_status":"open","template":"","meta":{"footnotes":"","_links_to":"","_links_to_target":""},"class_list":["post-252","page","type-page","status-publish","hentry"],"yoast_head":"<!-- This site is optimized with the Yoast SEO plugin v24.0 - https:\/\/yoast.com\/wordpress\/plugins\/seo\/ -->\n<title>Yhteystiedot | MK Door<\/title>\n<meta name=\"robots\" content=\"index, follow, max-snippet:-1, max-image-preview:large, max-video-preview:-1\" \/>\n<link rel=\"canonical\" href=\"https:\/\/mkdoor.ee\/fi\/yhteystiedot\/\" \/>\n<meta property=\"og:locale\" content=\"fi_FI\" \/>\n<meta property=\"og:type\" content=\"article\" \/>\n<meta property=\"og:title\" content=\"Yhteystiedot | MK Door\" \/>\n<meta property=\"og:description\" content=\"Kysy hintatarjous! M.K.International\u00a0 Osoite: Kaluri Tee 3, 74001, Haabneeme, Viimsi Vald Puhelin: (+358) 40 14 74 792 S\u00e4hk\u00f6posti: kaupo@mkdoor.ee\" \/>\n<meta property=\"og:url\" content=\"https:\/\/mkdoor.ee\/fi\/yhteystiedot\/\" \/>\n<meta property=\"og:site_name\" content=\"MK Door\" \/>\n<meta property=\"article:modified_time\" content=\"2022-11-08T17:57:18+00:00\" \/>\n<script type=\"application\/ld+json\" class=\"yoast-schema-graph\">{\"@context\":\"https:\/\/schema.org\",\"@graph\":[{\"@type\":\"WebPage\",\"@id\":\"https:\/\/mkdoor.ee\/fi\/yhteystiedot\/\",\"url\":\"https:\/\/mkdoor.ee\/fi\/yhteystiedot\/\",\"name\":\"Yhteystiedot | MK Door\",\"isPartOf\":{\"@id\":\"https:\/\/mkdoor.ee\/fi\/#website\"},\"datePublished\":\"2013-11-17T09:48:12+00:00\",\"dateModified\":\"2022-11-08T17:57:18+00:00\",\"breadcrumb\":{\"@id\":\"https:\/\/mkdoor.ee\/fi\/yhteystiedot\/#breadcrumb\"},\"inLanguage\":\"fi\",\"potentialAction\":[{\"@type\":\"ReadAction\",\"target\":[\"https:\/\/mkdoor.ee\/fi\/yhteystiedot\/\"]}]},{\"@type\":\"BreadcrumbList\",\"@id\":\"https:\/\/mkdoor.ee\/fi\/yhteystiedot\/#breadcrumb\",\"itemListElement\":[{\"@type\":\"ListItem\",\"position\":1,\"name\":\"Home\",\"item\":\"https:\/\/mkdoor.ee\/fi\/\"},{\"@type\":\"ListItem\",\"position\":2,\"name\":\"Yhteystiedot\"}]},{\"@type\":\"WebSite\",\"@id\":\"https:\/\/mkdoor.ee\/fi\/#website\",\"url\":\"https:\/\/mkdoor.ee\/fi\/\",\"name\":\"MK Door\",\"description\":\"\",\"potentialAction\":[{\"@type\":\"SearchAction\",\"target\":{\"@type\":\"EntryPoint\",\"urlTemplate\":\"https:\/\/mkdoor.ee\/fi\/?s={search_term_string}\"},\"query-input\":{\"@type\":\"PropertyValueSpecification\",\"valueRequired\":true,\"valueName\":\"search_term_string\"}}],\"inLanguage\":\"fi\"}]}<\/script>\n<!-- \/ Yoast SEO plugin. -->","yoast_head_json":{"title":"Yhteystiedot | MK Door","robots":{"index":"index","follow":"follow","max-snippet":"max-snippet:-1","max-image-preview":"max-image-preview:large","max-video-preview":"max-video-preview:-1"},"canonical":"https:\/\/mkdoor.ee\/fi\/yhteystiedot\/","og_locale":"fi_FI","og_type":"article","og_title":"Yhteystiedot | MK Door","og_description":"Kysy hintatarjous! M.K.International\u00a0 Osoite: Kaluri Tee 3, 74001, Haabneeme, Viimsi Vald Puhelin: (+358) 40 14 74 792 S\u00e4hk\u00f6posti: kaupo@mkdoor.ee","og_url":"https:\/\/mkdoor.ee\/fi\/yhteystiedot\/","og_site_name":"MK Door","article_modified_time":"2022-11-08T17:57:18+00:00","schema":{"@context":"https:\/\/schema.org","@graph":[{"@type":"WebPage","@id":"https:\/\/mkdoor.ee\/fi\/yhteystiedot\/","url":"https:\/\/mkdoor.ee\/fi\/yhteystiedot\/","name":"Yhteystiedot | MK Door","isPartOf":{"@id":"https:\/\/mkdoor.ee\/fi\/#website"},"datePublished":"2013-11-17T09:48:12+00:00","dateModified":"2022-11-08T17:57:18+00:00","breadcrumb":{"@id":"https:\/\/mkdoor.ee\/fi\/yhteystiedot\/#breadcrumb"},"inLanguage":"fi","potentialAction":[{"@type":"ReadAction","target":["https:\/\/mkdoor.ee\/fi\/yhteystiedot\/"]}]},{"@type":"BreadcrumbList","@id":"https:\/\/mkdoor.ee\/fi\/yhteystiedot\/#breadcrumb","itemListElement":[{"@type":"ListItem","position":1,"name":"Home","item":"https:\/\/mkdoor.ee\/fi\/"},{"@type":"ListItem","position":2,"name":"Yhteystiedot"}]},{"@type":"WebSite","@id":"https:\/\/mkdoor.ee\/fi\/#website","url":"https:\/\/mkdoor.ee\/fi\/","name":"MK Door","description":"","potentialAction":[{"@type":"SearchAction","target":{"@type":"EntryPoint","urlTemplate":"https:\/\/mkdoor.ee\/fi\/?s={search_term_string}"},"query-input":{"@type":"PropertyValueSpecification","valueRequired":true,"valueName":"search_term_string"}}],"inLanguage":"fi"}]}},"_links":{"self":[{"href":"https:\/\/mkdoor.ee\/fi\/wp-json\/wp\/v2\/pages\/252"}],"collection":[{"href":"https:\/\/mkdoor.ee\/fi\/wp-json\/wp\/v2\/pages"}],"about":[{"href":"https:\/\/mkdoor.ee\/fi\/wp-json\/wp\/v2\/types\/page"}],"author":[{"embeddable":true,"href":"https:\/\/mkdoor.ee\/fi\/wp-json\/wp\/v2\/users\/1"}],"replies":[{"embeddable":true,"href":"https:\/\/mkdoor.ee\/fi\/wp-json\/wp\/v2\/comments?post=252"}],"version-history":[{"count":5,"href":"https:\/\/mkdoor.ee\/fi\/wp-json\/wp\/v2\/pages\/252\/revisions"}],"predecessor-version":[{"id":1381,"href":"https:\/\/mkdoor.ee\/fi\/wp-json\/wp\/v2\/pages\/252\/revisions\/1381"}],"wp:attachment":[{"href":"https:\/\/mkdoor.ee\/fi\/wp-json\/wp\/v2\/media?parent=252"}],"curies":[{"name":"wp","href":"https:\/\/api.w.org\/{rel}","templated":true}]}}